{"id":15697,"date":"2023-04-03T08:31:05","date_gmt":"2023-04-03T06:31:05","guid":{"rendered":"https:\/\/www.headstart.at\/?page_id=15697"},"modified":"2023-11-30T09:09:38","modified_gmt":"2023-11-30T08:09:38","slug":"impress","status":"publish","type":"page","link":"https:\/\/www.headstart.at\/en\/impress\/","title":{"rendered":"Impress"},"content":{"rendered":"\n<h1 class=\"hx wp-block-heading\">Impress<\/h1>\n\n\n\n<h2 class=\"hx wp-block-heading is-style-medium\">Owner and responsible for all content<\/h2>\n\n\n\n<p><strong>headstart GmbH<\/strong><br \/>Gesch\u00e4ftsf\u00fchrer: Strittl J\u00fcrgen<br \/>Firmenbuchnummer:&nbsp;FN 411220 k<br \/>Leonsteinerweg 11a<br \/>4592 Leonstein<\/p>\n\n\n\n<p><a href=\"https:\/\/www.headstart.at\/impressum\/\">+43 7584 40900<\/a><br \/><a href=\"http:\/\/mailtooffice@headstart.at\/\" target=\"_blank\" rel=\"noreferrer noopener\">office@headstart.at<\/a><\/p>\n\n\n\n<h2 class=\"hx wp-block-heading is-style-medium\">Images<\/h2>\n\n\n\n<p>headstart GmbH | unsplash.com | Markus Fr\u00fchmann | Shutterstock.com<\/p>\n\n\n\n<h2 class=\"hx wp-block-heading is-style-medium\">Dispute resolution<\/h2>\n\n\n\n<p>Alternative dispute resolution in accordance with Art. 14 Para. 1 ODR-VO:<br \/>The European Commission provides a platform for online dispute resolution (OS) which can be found at <a href=\"https:\/\/ec.europa.eu\/consumers\/odr\/\">https:\/\/ec.europa.eu\/consumers\/odr\/<\/a>. We are willing to participate in an out-of-court settlement procedure.<\/p>\n","protected":false},"excerpt":{"rendered":"<p>Impress Owner and responsible for all content headstart GmbHGesch\u00e4ftsf\u00fchrer: Strittl J\u00fcrgenFirmenbuchnummer:&nbsp;FN 411220 kLeonsteinerweg 11a4592 Leonstein +43 7584 40900office@headstart.at Images headstart GmbH | unsplash.com | Markus Fr\u00fchmann | Shutterstock.com Dispute resolution Alternative dispute resolution in accordance with Art. 14 Para. 1 ODR-VO:The European Commission provides a platform for online dispute resolution (OS) which can be found [&hellip;]<\/p>\n","protected":false},"author":1,"featured_media":0,"parent":0,"menu_order":0,"comment_status":"closed","ping_status":"closed","template":"","meta":{"_acf_changed":false,"footnotes":""},"class_list":["post-15697","page","type-page","status-publish","hentry"],"acf":[],"aioseo_notices":[],"_links":{"self":[{"href":"https:\/\/www.headstart.at\/en\/wp-json\/wp\/v2\/pages\/15697","targetHints":{"allow":["GET"]}}],"collection":[{"href":"https:\/\/www.headstart.at\/en\/wp-json\/wp\/v2\/pages"}],"about":[{"href":"https:\/\/www.headstart.at\/en\/wp-json\/wp\/v2\/types\/page"}],"author":[{"embeddable":true,"href":"https:\/\/www.headstart.at\/en\/wp-json\/wp\/v2\/users\/1"}],"replies":[{"embeddable":true,"href":"https:\/\/www.headstart.at\/en\/wp-json\/wp\/v2\/comments?post=15697"}],"version-history":[{"count":2,"href":"https:\/\/www.headstart.at\/en\/wp-json\/wp\/v2\/pages\/15697\/revisions"}],"predecessor-version":[{"id":16141,"href":"https:\/\/www.headstart.at\/en\/wp-json\/wp\/v2\/pages\/15697\/revisions\/16141"}],"wp:attachment":[{"href":"https:\/\/www.headstart.at\/en\/wp-json\/wp\/v2\/media?parent=15697"}],"curies":[{"name":"wp","href":"https:\/\/api.w.org\/{rel}","templated":true}]}}