{"id":120,"date":"2023-03-15T14:19:58","date_gmt":"2023-03-15T13:19:58","guid":{"rendered":"https:\/\/headstart.klixpert.io\/?post_type=product&#038;p=120"},"modified":"2026-04-03T17:02:42","modified_gmt":"2026-04-03T15:02:42","slug":"focus-plus","status":"publish","type":"product","link":"https:\/\/www.headstart.at\/en\/shop\/focus-plus\/","title":{"rendered":"FOCUS PLUS\u00ae Getr\u00e4nkepulver"},"content":{"rendered":"<p><strong>Sch\u00e4rft deine Sinne und den Verstand!<\/strong><\/p>\n<p>Mit FOCUS PLUS\u00ae bieten wir ein nat\u00fcrliches Getr\u00e4nkepulver zur Herstellung eines Erfrischungsgetr\u00e4nkes an. Es stellt dem K\u00f6rper gleichm\u00e4\u00dfig Energie zur Verf\u00fcgung. Ideal vor w\u00e4hrend und nach Aktivit\u00e4ten \u2013 im Beruf, in der Schule, im Alltag und im Sport!<\/p>\n","protected":false},"excerpt":{"rendered":"<p>Sch\u00e4rft deine Sinne und den Verstand! Mit FOCUS PLUS\u00ae bieten wir ein nat\u00fcrliches Getr\u00e4nkepulver zur Herstellung eines Erfrischungsgetr\u00e4nkes an. Es stellt dem K\u00f6rper gleichm\u00e4\u00dfig Energie zur Verf\u00fcgung. Ideal vor w\u00e4hrend und nach Aktivit\u00e4ten \u2013 im Beruf, in der Schule, im Alltag und im Sport!<\/p>\n","protected":false},"featured_media":781,"comment_status":"open","ping_status":"closed","template":"","meta":{"_acf_changed":false},"product_cat":[41,56],"product_tag":[],"class_list":["post-120","product","type-product","status-publish","has-post-thumbnail","hentry","product_cat-focus-plus","product_cat-megamenu","has-subscription-plans"],"bundled_by":["839","839","14294","14294","14294"],"bundle_stock_status":"instock","bundle_stock_quantity":null,"bundle_virtual":false,"bundle_layout":"","bundle_add_to_cart_form_location":"","bundle_editable_in_cart":false,"bundle_sold_individually_context":"","bundle_item_grouping":"","bundle_min_size":"","bundle_max_size":"","bundled_items":[],"bundle_sell_ids":[],"acf":[],"aioseo_notices":[],"_links":{"self":[{"href":"https:\/\/www.headstart.at\/en\/wp-json\/wp\/v2\/product\/120","targetHints":{"allow":["GET"]}}],"collection":[{"href":"https:\/\/www.headstart.at\/en\/wp-json\/wp\/v2\/product"}],"about":[{"href":"https:\/\/www.headstart.at\/en\/wp-json\/wp\/v2\/types\/product"}],"replies":[{"embeddable":true,"href":"https:\/\/www.headstart.at\/en\/wp-json\/wp\/v2\/comments?post=120"}],"wp:featuredmedia":[{"embeddable":true,"href":"https:\/\/www.headstart.at\/en\/wp-json\/wp\/v2\/media\/781"}],"wp:attachment":[{"href":"https:\/\/www.headstart.at\/en\/wp-json\/wp\/v2\/media?parent=120"}],"wp:term":[{"taxonomy":"product_cat","embeddable":true,"href":"https:\/\/www.headstart.at\/en\/wp-json\/wp\/v2\/product_cat?post=120"},{"taxonomy":"product_tag","embeddable":true,"href":"https:\/\/www.headstart.at\/en\/wp-json\/wp\/v2\/product_tag?post=120"}],"curies":[{"name":"wp","href":"https:\/\/api.w.org\/{rel}","templated":true}]}}