{"id":792,"date":"2023-04-19T23:31:56","date_gmt":"2023-04-19T21:31:56","guid":{"rendered":"https:\/\/headstart.klixpert.io\/?post_type=product&#038;p=792"},"modified":"2025-08-20T11:41:34","modified_gmt":"2025-08-20T09:41:34","slug":"focus-plus-instant-getraenk","status":"publish","type":"product","link":"https:\/\/www.headstart.at\/en\/shop\/focus-plus-instant-getraenk\/","title":{"rendered":"FOCUS PLUS Instant Getr\u00e4nk 12 Stk. je 0,5l"},"content":{"rendered":"<p>Mit <strong>focus plus\u00ae Tetra Pak<\/strong> bieten wir dir ein nat\u00fcrliches Fruchtsaftgetr\u00e4nk (23 %Fruchtsaftanteil) ohne Konservierungsmittel, ohne k\u00fcnstliche Farbstoffe und ohne Koffein an. Es stellt dem Organismus gleichm\u00e4\u00dfig Energie zur Verf\u00fcgung. Diese Funktion ist der Schl\u00fcssel zum Erfolg, da unser Gehirn keinen eigenen Energiespeicher besitzt und 99% seiner Energie aus der Blutglucose bezieht!<\/p>\n","protected":false},"excerpt":{"rendered":"<p>Mit focus plus\u00ae Tetra Pak bieten wir dir ein nat\u00fcrliches Fruchtsaftgetr\u00e4nk (23 %Fruchtsaftanteil) ohne Konservierungsmittel, ohne k\u00fcnstliche Farbstoffe und ohne Koffein an. Es stellt dem Organismus gleichm\u00e4\u00dfig Energie zur Verf\u00fcgung. Diese Funktion ist der Schl\u00fcssel zum Erfolg, da unser Gehirn keinen eigenen Energiespeicher besitzt und 99% seiner Energie aus der Blutglucose bezieht!<\/p>\n","protected":false},"featured_media":793,"comment_status":"open","ping_status":"closed","template":"","meta":{"_acf_changed":false},"product_cat":[78],"product_tag":[],"class_list":["post-792","product","type-product","status-publish","has-post-thumbnail","hentry","product_cat-tetra-pak"],"bundled_by":[],"bundle_stock_status":"instock","bundle_stock_quantity":null,"bundle_virtual":false,"bundle_layout":"","bundle_add_to_cart_form_location":"","bundle_editable_in_cart":false,"bundle_sold_individually_context":"","bundle_item_grouping":"","bundle_min_size":"","bundle_max_size":"","bundled_items":[],"bundle_sell_ids":[],"acf":[],"aioseo_notices":[],"_links":{"self":[{"href":"https:\/\/www.headstart.at\/en\/wp-json\/wp\/v2\/product\/792","targetHints":{"allow":["GET"]}}],"collection":[{"href":"https:\/\/www.headstart.at\/en\/wp-json\/wp\/v2\/product"}],"about":[{"href":"https:\/\/www.headstart.at\/en\/wp-json\/wp\/v2\/types\/product"}],"replies":[{"embeddable":true,"href":"https:\/\/www.headstart.at\/en\/wp-json\/wp\/v2\/comments?post=792"}],"wp:featuredmedia":[{"embeddable":true,"href":"https:\/\/www.headstart.at\/en\/wp-json\/wp\/v2\/media\/793"}],"wp:attachment":[{"href":"https:\/\/www.headstart.at\/en\/wp-json\/wp\/v2\/media?parent=792"}],"wp:term":[{"taxonomy":"product_cat","embeddable":true,"href":"https:\/\/www.headstart.at\/en\/wp-json\/wp\/v2\/product_cat?post=792"},{"taxonomy":"product_tag","embeddable":true,"href":"https:\/\/www.headstart.at\/en\/wp-json\/wp\/v2\/product_tag?post=792"}],"curies":[{"name":"wp","href":"https:\/\/api.w.org\/{rel}","templated":true}]}}