{"id":839,"date":"2023-04-21T11:32:01","date_gmt":"2023-04-21T09:32:01","guid":{"rendered":"https:\/\/headstart.klixpert.io\/?post_type=product&#038;p=839"},"modified":"2025-06-19T08:03:26","modified_gmt":"2025-06-19T06:03:26","slug":"focus-plus-immunenergie-kombi","status":"publish","type":"product","link":"https:\/\/www.headstart.at\/en\/shop\/focus-plus-immunenergie-kombi\/","title":{"rendered":"FOCUS PLUS\u00ae ImmunEnergie Kombi"},"content":{"rendered":"<p>Die perfekte Unterst\u00fctzung f\u00fcr dein Immunsystem. headstart Immun-Energie Kombi unterst\u00fctzt dein Immunsystem durch die Kombination unserer wissenschaftlich validierten Inhaltsstoffe.<\/p>\n","protected":false},"excerpt":{"rendered":"<p>Die perfekte Unterst\u00fctzung f\u00fcr dein Immunsystem. headstart Immun-Energie Kombi unterst\u00fctzt dein Immunsystem durch die Kombination unserer wissenschaftlich validierten Inhaltsstoffe.<\/p>\n","protected":false},"featured_media":840,"comment_status":"open","ping_status":"closed","template":"","meta":{"_acf_changed":false},"product_cat":[81],"product_tag":[],"class_list":["post-839","product","type-product","status-publish","has-post-thumbnail","hentry","product_cat-bundle"],"bundled_by":[],"bundle_stock_status":"instock","bundle_stock_quantity":"","bundle_virtual":false,"bundle_layout":"tabular","bundle_add_to_cart_form_location":"default","bundle_editable_in_cart":true,"bundle_sold_individually_context":"product","bundle_item_grouping":"parent","bundle_min_size":"","bundle_max_size":"","bundled_items":[{"bundled_item_id":1,"product_id":799,"menu_order":0,"quantity_min":1,"quantity_max":1,"quantity_default":1,"priced_individually":false,"shipped_individually":false,"override_title":false,"title":"MINERAL PLUS\u00ae Getr\u00e4nkepulver","override_description":false,"description":"","optional":false,"hide_thumbnail":false,"discount":"","override_variations":true,"allowed_variations":[800,801],"override_default_variation_attributes":true,"default_variation_attributes":[{"id":1,"name":"Gr\u00f6\u00dfe","option":"300g"},{"id":2,"name":"Geschmack","option":"holunderbluete-zitrone"}],"single_product_visibility":"visible","cart_visibility":"visible","order_visibility":"visible","single_product_price_visibility":"visible","cart_price_visibility":"visible","order_price_visibility":"visible","stock_status":"in_stock"},{"bundled_item_id":2,"product_id":120,"menu_order":1,"quantity_min":1,"quantity_max":1,"quantity_default":1,"priced_individually":false,"shipped_individually":false,"override_title":false,"title":"FOCUS PLUS\u00ae Getr\u00e4nkepulver","override_description":false,"description":"","optional":false,"hide_thumbnail":false,"discount":"","override_variations":true,"allowed_variations":[775,228,121],"override_default_variation_attributes":true,"default_variation_attributes":[{"id":1,"name":"Gr\u00f6\u00dfe","option":"500-g"},{"id":2,"name":"Geschmack","option":"wild-berry"}],"single_product_visibility":"visible","cart_visibility":"visible","order_visibility":"visible","single_product_price_visibility":"visible","cart_price_visibility":"visible","order_price_visibility":"visible","stock_status":"in_stock"},{"bundled_item_id":3,"product_id":120,"menu_order":2,"quantity_min":1,"quantity_max":1,"quantity_default":1,"priced_individually":false,"shipped_individually":false,"override_title":false,"title":"FOCUS PLUS\u00ae Getr\u00e4nkepulver","override_description":false,"description":"","optional":false,"hide_thumbnail":false,"discount":"","override_variations":true,"allowed_variations":[775,228,121],"override_default_variation_attributes":true,"default_variation_attributes":[{"id":1,"name":"Gr\u00f6\u00dfe","option":"500-g"},{"id":2,"name":"Geschmack","option":"tropical"}],"single_product_visibility":"visible","cart_visibility":"visible","order_visibility":"visible","single_product_price_visibility":"visible","cart_price_visibility":"visible","order_price_visibility":"visible","stock_status":"in_stock"}],"bundle_sell_ids":[],"acf":[],"aioseo_notices":[],"_links":{"self":[{"href":"https:\/\/www.headstart.at\/en\/wp-json\/wp\/v2\/product\/839","targetHints":{"allow":["GET"]}}],"collection":[{"href":"https:\/\/www.headstart.at\/en\/wp-json\/wp\/v2\/product"}],"about":[{"href":"https:\/\/www.headstart.at\/en\/wp-json\/wp\/v2\/types\/product"}],"replies":[{"embeddable":true,"href":"https:\/\/www.headstart.at\/en\/wp-json\/wp\/v2\/comments?post=839"}],"wp:featuredmedia":[{"embeddable":true,"href":"https:\/\/www.headstart.at\/en\/wp-json\/wp\/v2\/media\/840"}],"wp:attachment":[{"href":"https:\/\/www.headstart.at\/en\/wp-json\/wp\/v2\/media?parent=839"}],"wp:term":[{"taxonomy":"product_cat","embeddable":true,"href":"https:\/\/www.headstart.at\/en\/wp-json\/wp\/v2\/product_cat?post=839"},{"taxonomy":"product_tag","embeddable":true,"href":"https:\/\/www.headstart.at\/en\/wp-json\/wp\/v2\/product_tag?post=839"}],"curies":[{"name":"wp","href":"https:\/\/api.w.org\/{rel}","templated":true}]}}